{"id":574,"date":"2022-10-17T17:44:18","date_gmt":"2022-10-17T17:44:18","guid":{"rendered":"https:\/\/bmarinhoadvocacia.com.br\/home\/?page_id=574"},"modified":"2022-10-18T11:44:55","modified_gmt":"2022-10-18T11:44:55","slug":"direito-penal","status":"publish","type":"page","link":"https:\/\/bmarinhoadvocacia.com.br\/home\/direito-penal\/","title":{"rendered":"Direito Penal"},"content":{"rendered":"\t\t<div data-elementor-type=\"wp-page\" data-elementor-id=\"574\" class=\"elementor elementor-574\" data-elementor-post-type=\"page\">\n\t\t\t\t\t\t\t\t\t<section class=\"elementor-section elementor-top-section elementor-element elementor-element-0f42543 elementor-section-boxed elementor-section-height-default elementor-section-height-default\" data-id=\"0f42543\" data-element_type=\"section\" data-settings=\"{&quot;background_background&quot;:&quot;classic&quot;}\">\n\t\t\t\t\t\t\t<div class=\"elementor-background-overlay\"><\/div>\n\t\t\t\t\t\t\t<div class=\"elementor-container elementor-column-gap-default\">\n\t\t\t\t\t<div class=\"elementor-column elementor-col-100 elementor-top-column elementor-element elementor-element-213e19b\" data-id=\"213e19b\" data-element_type=\"column\">\n\t\t\t<div class=\"elementor-widget-wrap elementor-element-populated\">\n\t\t\t\t\t\t\t\t<div class=\"elementor-element elementor-element-b007553 elementor-widget elementor-widget-heading\" data-id=\"b007553\" data-element_type=\"widget\" data-widget_type=\"heading.default\">\n\t\t\t\t<div class=\"elementor-widget-container\">\n\t\t\t<style>\/*! elementor - v3.17.0 - 08-11-2023 *\/\n.elementor-heading-title{padding:0;margin:0;line-height:1}.elementor-widget-heading .elementor-heading-title[class*=elementor-size-]>a{color:inherit;font-size:inherit;line-height:inherit}.elementor-widget-heading .elementor-heading-title.elementor-size-small{font-size:15px}.elementor-widget-heading .elementor-heading-title.elementor-size-medium{font-size:19px}.elementor-widget-heading .elementor-heading-title.elementor-size-large{font-size:29px}.elementor-widget-heading .elementor-heading-title.elementor-size-xl{font-size:39px}.elementor-widget-heading .elementor-heading-title.elementor-size-xxl{font-size:59px}<\/style><p class=\"elementor-heading-title elementor-size-default\">\u00c1REA DE ATUA\u00c7\u00c3O<\/p>\t\t<\/div>\n\t\t\t\t<\/div>\n\t\t\t\t<div class=\"elementor-element elementor-element-96de820 elementor-widget elementor-widget-heading\" data-id=\"96de820\" data-element_type=\"widget\" data-widget_type=\"heading.default\">\n\t\t\t\t<div class=\"elementor-widget-container\">\n\t\t\t<h1 class=\"elementor-heading-title elementor-size-default\">Direito Penal<\/h1>\t\t<\/div>\n\t\t\t\t<\/div>\n\t\t\t\t<div class=\"elementor-element elementor-element-a889c31 elementor-widget-divider--view-line_icon elementor-view-default elementor-widget-divider--element-align-center elementor-widget elementor-widget-divider\" data-id=\"a889c31\" data-element_type=\"widget\" data-widget_type=\"divider.default\">\n\t\t\t\t<div class=\"elementor-widget-container\">\n\t\t\t<style>\/*! elementor - v3.17.0 - 08-11-2023 *\/\n.elementor-widget-divider{--divider-border-style:none;--divider-border-width:1px;--divider-color:#0c0d0e;--divider-icon-size:20px;--divider-element-spacing:10px;--divider-pattern-height:24px;--divider-pattern-size:20px;--divider-pattern-url:none;--divider-pattern-repeat:repeat-x}.elementor-widget-divider .elementor-divider{display:flex}.elementor-widget-divider .elementor-divider__text{font-size:15px;line-height:1;max-width:95%}.elementor-widget-divider .elementor-divider__element{margin:0 var(--divider-element-spacing);flex-shrink:0}.elementor-widget-divider .elementor-icon{font-size:var(--divider-icon-size)}.elementor-widget-divider .elementor-divider-separator{display:flex;margin:0;direction:ltr}.elementor-widget-divider--view-line_icon .elementor-divider-separator,.elementor-widget-divider--view-line_text .elementor-divider-separator{align-items:center}.elementor-widget-divider--view-line_icon .elementor-divider-separator:after,.elementor-widget-divider--view-line_icon .elementor-divider-separator:before,.elementor-widget-divider--view-line_text .elementor-divider-separator:after,.elementor-widget-divider--view-line_text .elementor-divider-separator:before{display:block;content:\"\";border-bottom:0;flex-grow:1;border-top:var(--divider-border-width) var(--divider-border-style) var(--divider-color)}.elementor-widget-divider--element-align-left .elementor-divider .elementor-divider-separator>.elementor-divider__svg:first-of-type{flex-grow:0;flex-shrink:100}.elementor-widget-divider--element-align-left .elementor-divider-separator:before{content:none}.elementor-widget-divider--element-align-left .elementor-divider__element{margin-left:0}.elementor-widget-divider--element-align-right .elementor-divider .elementor-divider-separator>.elementor-divider__svg:last-of-type{flex-grow:0;flex-shrink:100}.elementor-widget-divider--element-align-right .elementor-divider-separator:after{content:none}.elementor-widget-divider--element-align-right .elementor-divider__element{margin-right:0}.elementor-widget-divider:not(.elementor-widget-divider--view-line_text):not(.elementor-widget-divider--view-line_icon) .elementor-divider-separator{border-top:var(--divider-border-width) var(--divider-border-style) var(--divider-color)}.elementor-widget-divider--separator-type-pattern{--divider-border-style:none}.elementor-widget-divider--separator-type-pattern.elementor-widget-divider--view-line .elementor-divider-separator,.elementor-widget-divider--separator-type-pattern:not(.elementor-widget-divider--view-line) .elementor-divider-separator:after,.elementor-widget-divider--separator-type-pattern:not(.elementor-widget-divider--view-line) .elementor-divider-separator:before,.elementor-widget-divider--separator-type-pattern:not([class*=elementor-widget-divider--view]) .elementor-divider-separator{width:100%;min-height:var(--divider-pattern-height);-webkit-mask-size:var(--divider-pattern-size) 100%;mask-size:var(--divider-pattern-size) 100%;-webkit-mask-repeat:var(--divider-pattern-repeat);mask-repeat:var(--divider-pattern-repeat);background-color:var(--divider-color);-webkit-mask-image:var(--divider-pattern-url);mask-image:var(--divider-pattern-url)}.elementor-widget-divider--no-spacing{--divider-pattern-size:auto}.elementor-widget-divider--bg-round{--divider-pattern-repeat:round}.rtl .elementor-widget-divider .elementor-divider__text{direction:rtl}.e-con-inner>.elementor-widget-divider,.e-con>.elementor-widget-divider{width:var(--container-widget-width,100%);--flex-grow:var(--container-widget-flex-grow)}<\/style>\t\t<div class=\"elementor-divider\">\n\t\t\t<span class=\"elementor-divider-separator\">\n\t\t\t\t\t\t\t<div class=\"elementor-icon elementor-divider__element\">\n\t\t\t\t\t<i aria-hidden=\"true\" class=\"fas fa-handshake\"><\/i><\/div>\n\t\t\t\t\t\t<\/span>\n\t\t<\/div>\n\t\t\t\t<\/div>\n\t\t\t\t<\/div>\n\t\t\t\t<div class=\"elementor-element elementor-element-f345e39 elementor-widget elementor-widget-heading\" data-id=\"f345e39\" data-element_type=\"widget\" data-widget_type=\"heading.default\">\n\t\t\t\t<div class=\"elementor-widget-container\">\n\t\t\t<p class=\"elementor-heading-title elementor-size-default\">Tamb\u00e9m conhecido como Direito Criminal, o Direito Penal \u00e9 o ramo respons\u00e1vel por atribuir penas aos delitos de acordo com as normas originadas no Poder Legislativo. Tais penas permitem preservar a sociedade ao mesmo tempo que proporcionam o seu desenvolvimento.<\/p>\t\t<\/div>\n\t\t\t\t<\/div>\n\t\t\t\t\t<\/div>\n\t\t<\/div>\n\t\t\t\t\t\t\t<\/div>\n\t\t<\/section>\n\t\t\t\t<section class=\"elementor-section elementor-top-section elementor-element elementor-element-71ec3b6 elementor-section-boxed elementor-section-height-default elementor-section-height-default\" data-id=\"71ec3b6\" data-element_type=\"section\" data-settings=\"{&quot;background_background&quot;:&quot;classic&quot;}\">\n\t\t\t\t\t\t\t<div class=\"elementor-background-overlay\"><\/div>\n\t\t\t\t\t\t\t<div class=\"elementor-container elementor-column-gap-default\">\n\t\t\t\t\t<div class=\"elementor-column elementor-col-100 elementor-top-column elementor-element elementor-element-2364c0c\" data-id=\"2364c0c\" data-element_type=\"column\">\n\t\t\t<div class=\"elementor-widget-wrap elementor-element-populated\">\n\t\t\t\t\t\t\t\t<div class=\"elementor-element elementor-element-ba27d3d elementor-widget elementor-widget-heading\" data-id=\"ba27d3d\" data-element_type=\"widget\" data-widget_type=\"heading.default\">\n\t\t\t\t<div class=\"elementor-widget-container\">\n\t\t\t<h2 class=\"elementor-heading-title elementor-size-default\">Nossa Especialidade<\/h2>\t\t<\/div>\n\t\t\t\t<\/div>\n\t\t\t\t<div class=\"elementor-element elementor-element-54d3859 elementor-widget elementor-widget-text-editor\" data-id=\"54d3859\" data-element_type=\"widget\" data-widget_type=\"text-editor.default\">\n\t\t\t\t<div class=\"elementor-widget-container\">\n\t\t\t<style>\/*! elementor - v3.17.0 - 08-11-2023 *\/\n.elementor-widget-text-editor.elementor-drop-cap-view-stacked .elementor-drop-cap{background-color:#69727d;color:#fff}.elementor-widget-text-editor.elementor-drop-cap-view-framed .elementor-drop-cap{color:#69727d;border:3px solid;background-color:transparent}.elementor-widget-text-editor:not(.elementor-drop-cap-view-default) .elementor-drop-cap{margin-top:8px}.elementor-widget-text-editor:not(.elementor-drop-cap-view-default) .elementor-drop-cap-letter{width:1em;height:1em}.elementor-widget-text-editor .elementor-drop-cap{float:left;text-align:center;line-height:1;font-size:50px}.elementor-widget-text-editor .elementor-drop-cap-letter{display:inline-block}<\/style>\t\t\t\t<ul><li>Compliance Penal<\/li><li>Penal Econ\u00f4mico, com elabora\u00e7\u00e3o de pareceres e defesa em crimes contra ordem p\u00fablica e sistema financeiro.<\/li><li>Acompanhamento em Delegacia, Flagrante e Cust\u00f3dia<\/li><li>Habeas Corpus e Pedido de Liberdade Provis\u00f3ria<\/li><li>Defesa Criminal e Recursos<\/li><li>Procedimentos do Tribunal do J\u00fari<\/li><li>Execu\u00e7\u00e3o Penal<\/li><\/ul>\t\t\t\t\t\t<\/div>\n\t\t\t\t<\/div>\n\t\t\t\t\t<\/div>\n\t\t<\/div>\n\t\t\t\t\t\t\t<\/div>\n\t\t<\/section>\n\t\t\t\t\t\t\t<\/div>\n\t\t","protected":false},"excerpt":{"rendered":"<p>\u00c1REA DE ATUA\u00c7\u00c3O Direito Penal Tamb\u00e9m conhecido como Direito Criminal, o Direito Penal \u00e9 o ramo respons\u00e1vel por atribuir penas aos delitos de acordo com as normas originadas no Poder Legislativo. Tais penas permitem preservar a sociedade ao mesmo tempo que proporcionam o seu desenvolvimento. Nossa Especialidade Compliance Penal Penal Econ\u00f4mico, com elabora\u00e7\u00e3o de pareceres [&hellip;]<\/p>\n","protected":false},"author":1,"featured_media":0,"parent":0,"menu_order":0,"comment_status":"closed","ping_status":"closed","template":"elementor_header_footer","meta":{"footnotes":"","_joinchat":[]},"yoast_head":"\n<title>Direito Penal - Bruno Marinho<\/title>\n<meta name=\"robots\" content=\"index, follow, max-snippet:-1, max-image-preview:large, max-video-preview:-1\" \/>\n<link rel=\"canonical\" href=\"https:\/\/bmarinhoadvocacia.com.br\/home\/direito-penal\/\" \/>\n<meta property=\"og:locale\" content=\"pt_BR\" \/>\n<meta property=\"og:type\" content=\"article\" \/>\n<meta property=\"og:title\" content=\"Direito Penal - Bruno Marinho\" \/>\n<meta property=\"og:description\" content=\"\u00c1REA DE ATUA\u00c7\u00c3O Direito Penal Tamb\u00e9m conhecido como Direito Criminal, o Direito Penal \u00e9 o ramo respons\u00e1vel por atribuir penas aos delitos de acordo com as normas originadas no Poder Legislativo. Tais penas permitem preservar a sociedade ao mesmo tempo que proporcionam o seu desenvolvimento. Nossa Especialidade Compliance Penal Penal Econ\u00f4mico, com elabora\u00e7\u00e3o de pareceres [&hellip;]\" \/>\n<meta property=\"og:url\" content=\"https:\/\/bmarinhoadvocacia.com.br\/home\/direito-penal\/\" \/>\n<meta property=\"og:site_name\" content=\"Bruno Marinho\" \/>\n<meta property=\"article:modified_time\" content=\"2022-10-18T11:44:55+00:00\" \/>\n<meta name=\"twitter:card\" content=\"summary_large_image\" \/>\n<script type=\"application\/ld+json\" class=\"yoast-schema-graph\">{\"@context\":\"https:\/\/schema.org\",\"@graph\":[{\"@type\":\"WebPage\",\"@id\":\"https:\/\/bmarinhoadvocacia.com.br\/home\/direito-penal\/\",\"url\":\"https:\/\/bmarinhoadvocacia.com.br\/home\/direito-penal\/\",\"name\":\"Direito Penal - Bruno Marinho\",\"isPartOf\":{\"@id\":\"https:\/\/bmarinhoadvocacia.com.br\/home\/#website\"},\"datePublished\":\"2022-10-17T17:44:18+00:00\",\"dateModified\":\"2022-10-18T11:44:55+00:00\",\"breadcrumb\":{\"@id\":\"https:\/\/bmarinhoadvocacia.com.br\/home\/direito-penal\/#breadcrumb\"},\"inLanguage\":\"pt-BR\",\"potentialAction\":[{\"@type\":\"ReadAction\",\"target\":[\"https:\/\/bmarinhoadvocacia.com.br\/home\/direito-penal\/\"]}]},{\"@type\":\"BreadcrumbList\",\"@id\":\"https:\/\/bmarinhoadvocacia.com.br\/home\/direito-penal\/#breadcrumb\",\"itemListElement\":[{\"@type\":\"ListItem\",\"position\":1,\"name\":\"In\u00edcio\",\"item\":\"https:\/\/bmarinhoadvocacia.com.br\/home\/\"},{\"@type\":\"ListItem\",\"position\":2,\"name\":\"Direito Penal\"}]},{\"@type\":\"WebSite\",\"@id\":\"https:\/\/bmarinhoadvocacia.com.br\/home\/#website\",\"url\":\"https:\/\/bmarinhoadvocacia.com.br\/home\/\",\"name\":\"Bruno Marinho\",\"description\":\"Advocacia Especializada\",\"potentialAction\":[{\"@type\":\"SearchAction\",\"target\":{\"@type\":\"EntryPoint\",\"urlTemplate\":\"https:\/\/bmarinhoadvocacia.com.br\/home\/?s={search_term_string}\"},\"query-input\":\"required name=search_term_string\"}],\"inLanguage\":\"pt-BR\"}]}<\/script>\n","yoast_head_json":{"title":"Direito Penal - Bruno Marinho","robots":{"index":"index","follow":"follow","max-snippet":"max-snippet:-1","max-image-preview":"max-image-preview:large","max-video-preview":"max-video-preview:-1"},"canonical":"https:\/\/bmarinhoadvocacia.com.br\/home\/direito-penal\/","og_locale":"pt_BR","og_type":"article","og_title":"Direito Penal - Bruno Marinho","og_description":"\u00c1REA DE ATUA\u00c7\u00c3O Direito Penal Tamb\u00e9m conhecido como Direito Criminal, o Direito Penal \u00e9 o ramo respons\u00e1vel por atribuir penas aos delitos de acordo com as normas originadas no Poder Legislativo. Tais penas permitem preservar a sociedade ao mesmo tempo que proporcionam o seu desenvolvimento. Nossa Especialidade Compliance Penal Penal Econ\u00f4mico, com elabora\u00e7\u00e3o de pareceres [&hellip;]","og_url":"https:\/\/bmarinhoadvocacia.com.br\/home\/direito-penal\/","og_site_name":"Bruno Marinho","article_modified_time":"2022-10-18T11:44:55+00:00","twitter_card":"summary_large_image","schema":{"@context":"https:\/\/schema.org","@graph":[{"@type":"WebPage","@id":"https:\/\/bmarinhoadvocacia.com.br\/home\/direito-penal\/","url":"https:\/\/bmarinhoadvocacia.com.br\/home\/direito-penal\/","name":"Direito Penal - Bruno Marinho","isPartOf":{"@id":"https:\/\/bmarinhoadvocacia.com.br\/home\/#website"},"datePublished":"2022-10-17T17:44:18+00:00","dateModified":"2022-10-18T11:44:55+00:00","breadcrumb":{"@id":"https:\/\/bmarinhoadvocacia.com.br\/home\/direito-penal\/#breadcrumb"},"inLanguage":"pt-BR","potentialAction":[{"@type":"ReadAction","target":["https:\/\/bmarinhoadvocacia.com.br\/home\/direito-penal\/"]}]},{"@type":"BreadcrumbList","@id":"https:\/\/bmarinhoadvocacia.com.br\/home\/direito-penal\/#breadcrumb","itemListElement":[{"@type":"ListItem","position":1,"name":"In\u00edcio","item":"https:\/\/bmarinhoadvocacia.com.br\/home\/"},{"@type":"ListItem","position":2,"name":"Direito Penal"}]},{"@type":"WebSite","@id":"https:\/\/bmarinhoadvocacia.com.br\/home\/#website","url":"https:\/\/bmarinhoadvocacia.com.br\/home\/","name":"Bruno Marinho","description":"Advocacia Especializada","potentialAction":[{"@type":"SearchAction","target":{"@type":"EntryPoint","urlTemplate":"https:\/\/bmarinhoadvocacia.com.br\/home\/?s={search_term_string}"},"query-input":"required name=search_term_string"}],"inLanguage":"pt-BR"}]}},"_links":{"self":[{"href":"https:\/\/bmarinhoadvocacia.com.br\/home\/wp-json\/wp\/v2\/pages\/574"}],"collection":[{"href":"https:\/\/bmarinhoadvocacia.com.br\/home\/wp-json\/wp\/v2\/pages"}],"about":[{"href":"https:\/\/bmarinhoadvocacia.com.br\/home\/wp-json\/wp\/v2\/types\/page"}],"author":[{"embeddable":true,"href":"https:\/\/bmarinhoadvocacia.com.br\/home\/wp-json\/wp\/v2\/users\/1"}],"replies":[{"embeddable":true,"href":"https:\/\/bmarinhoadvocacia.com.br\/home\/wp-json\/wp\/v2\/comments?post=574"}],"version-history":[{"count":19,"href":"https:\/\/bmarinhoadvocacia.com.br\/home\/wp-json\/wp\/v2\/pages\/574\/revisions"}],"predecessor-version":[{"id":677,"href":"https:\/\/bmarinhoadvocacia.com.br\/home\/wp-json\/wp\/v2\/pages\/574\/revisions\/677"}],"wp:attachment":[{"href":"https:\/\/bmarinhoadvocacia.com.br\/home\/wp-json\/wp\/v2\/media?parent=574"}],"curies":[{"name":"wp","href":"https:\/\/api.w.org\/{rel}","templated":true}]}}